{"id":7,"date":"2022-10-18T07:24:58","date_gmt":"2022-10-18T07:24:58","guid":{"rendered":"https:\/\/boucheriedecontamine.fr\/?page_id=7"},"modified":"2023-10-23T09:42:21","modified_gmt":"2023-10-23T09:42:21","slug":"about","status":"publish","type":"page","link":"https:\/\/boucheriedecontamine.fr\/index.php\/about\/","title":{"rendered":"Nous conna\u00eetre"},"content":{"rendered":"<div class=\"wp-block-image\">\n<figure class=\"aligncenter size-large\"><img loading=\"lazy\" decoding=\"async\" width=\"1024\" height=\"442\" src=\"https:\/\/boucheriedecontamine.fr\/wp-content\/uploads\/2022\/10\/S18_1992-bandeau-1024x442.png\" alt=\"\" class=\"wp-image-109\" srcset=\"https:\/\/boucheriedecontamine.fr\/wp-content\/uploads\/2022\/10\/S18_1992-bandeau-1024x442.png 1024w, https:\/\/boucheriedecontamine.fr\/wp-content\/uploads\/2022\/10\/S18_1992-bandeau-300x130.png 300w, https:\/\/boucheriedecontamine.fr\/wp-content\/uploads\/2022\/10\/S18_1992-bandeau-768x332.png 768w, https:\/\/boucheriedecontamine.fr\/wp-content\/uploads\/2022\/10\/S18_1992-bandeau-1536x663.png 1536w, https:\/\/boucheriedecontamine.fr\/wp-content\/uploads\/2022\/10\/S18_1992-bandeau.png 1772w\" sizes=\"auto, (max-width: 1024px) 100vw, 1024px\" \/><\/figure>\n<\/div>\n\n\n<p>La Boucherie de Contamine est n\u00e9e de la rencontre de deux passionn\u00e9s. Benoit Bellossat et Fabrice Mossuz sont deux bouchers passionn\u00e9s par leur m\u00e9tier. Ils apportent une attention particuli\u00e8re \u00e0 la qualit\u00e9 de leur travail et de leurs produits. Cet nouveau partenariat a pris la suite de la Boucherie Raibon, la boucherie historique du centre de Contamine sur Arve.<\/p>\n\n\n\n<div class=\"wp-block-columns is-layout-flex wp-container-core-columns-is-layout-9d6595d7 wp-block-columns-is-layout-flex\">\n<div class=\"wp-block-column is-layout-flow wp-block-column-is-layout-flow\">\n<h2 class=\"wp-block-heading\">Benoit, \u00e9leveur &#8211; boucher<\/h2>\n\n\n<div class=\"wp-block-image\">\n<figure class=\"aligncenter size-full is-resized\"><img loading=\"lazy\" decoding=\"async\" src=\"https:\/\/boucheriedecontamine.fr\/wp-content\/uploads\/2022\/10\/Benoit-edited-2.jpg\" alt=\"\" class=\"wp-image-102\" width=\"231\" height=\"225\" srcset=\"https:\/\/boucheriedecontamine.fr\/wp-content\/uploads\/2022\/10\/Benoit-edited-2.jpg 485w, https:\/\/boucheriedecontamine.fr\/wp-content\/uploads\/2022\/10\/Benoit-edited-2-300x293.jpg 300w\" sizes=\"auto, (max-width: 231px) 100vw, 231px\" \/><\/figure>\n<\/div>\n\n\n<p>Benoit a cr\u00e9\u00e9 son troupeau de brebis en 2006, lorsqu&#8217;il s&#8217;est install\u00e9 agriculteur. Boucher de formation et passionn\u00e9 par l\u2019\u00e9levage, il \u00e9tait primordial pour lui d\u2019accompagner ses produits jusqu\u2019au bout de la cha\u00eene. <\/p>\n\n\n\n<p>Eleveur sur la commune de Bons-en-Chablais, le b\u0153uf et les agneaux de la boucherie sont issus de son \u00e9levage.<\/p>\n<\/div>\n\n\n\n<div class=\"wp-block-column is-layout-flow wp-block-column-is-layout-flow\">\n<h2 class=\"wp-block-heading\">Fabrice, artisan boucher<\/h2>\n\n\n<div class=\"wp-block-image\">\n<figure class=\"aligncenter size-large is-resized\"><img decoding=\"async\" src=\"https:\/\/boucheriedecontamine.fr\/wp-content\/uploads\/2022\/10\/Fabrice-edited.jpg\" alt=\"\" class=\"wp-image-96\" width=\"231\" srcset=\"https:\/\/boucheriedecontamine.fr\/wp-content\/uploads\/2022\/10\/Fabrice-edited.jpg 618w, https:\/\/boucheriedecontamine.fr\/wp-content\/uploads\/2022\/10\/Fabrice-edited-300x300.jpg 300w, https:\/\/boucheriedecontamine.fr\/wp-content\/uploads\/2022\/10\/Fabrice-edited-150x150.jpg 150w\" sizes=\"(max-width: 618px) 100vw, 618px\" \/><\/figure>\n<\/div>\n\n\n<p>Fabrice a commenc\u00e9 le m\u00e9tier de boucher d\u00e8s ses 17 ans. Il a  commenc\u00e9, au bas de l\u2019\u00e9chelle, comme pareur et a gravi les \u00e9chelons petit \u00e0 petit. Apr\u00e8s avoir \u00e9t\u00e9 responsable d&#8217;une boucherie \u00e0 Annemasse, il d\u00e9cide de s&#8217;associer pour lancer sa propre boucherie. <\/p>\n\n\n\n<p>Pour lui, l&#8217;artisanat permet d\u2019entretenir le contact avec les clients, mais aussi avec les \u00e9leveurs.<\/p>\n<\/div>\n<\/div>\n\n\n\n<hr class=\"wp-block-separator has-alpha-channel-opacity\"\/>\n\n\n\n<div class=\"wp-block-columns is-layout-flex wp-container-core-columns-is-layout-9d6595d7 wp-block-columns-is-layout-flex\">\n<div class=\"wp-block-column is-layout-flow wp-block-column-is-layout-flow\">\n<h5 class=\"wp-block-heading\">Assurer le bien-\u00eatre animal<\/h5>\n\n\n\n<figure class=\"wp-block-image size-large\"><img loading=\"lazy\" decoding=\"async\" width=\"954\" height=\"717\" src=\"https:\/\/boucheriedecontamine.fr\/wp-content\/uploads\/2022\/10\/S18_2018_petite-edited.jpg\" alt=\"\" class=\"wp-image-144\" srcset=\"https:\/\/boucheriedecontamine.fr\/wp-content\/uploads\/2022\/10\/S18_2018_petite-edited.jpg 954w, https:\/\/boucheriedecontamine.fr\/wp-content\/uploads\/2022\/10\/S18_2018_petite-edited-300x225.jpg 300w, https:\/\/boucheriedecontamine.fr\/wp-content\/uploads\/2022\/10\/S18_2018_petite-edited-768x577.jpg 768w\" sizes=\"auto, (max-width: 954px) 100vw, 954px\" \/><\/figure>\n\n\n\n<p>La meilleure viande est issue d\u2019animaux heureux. Nos produits viennent d\u2019animaux \u00e9lev\u00e9s localement dans de petites fermes familiales, dans le respect de leurs besoins naturels. Aim\u00e9s de leurs \u00e9leveurs et \u00e9leveuses, ils sont choy\u00e9s d\u00e8s leur naissance. Abattus rapidement et localement, nous faisons en sorte qu\u2019ils subissent le moins de stress possible.<\/p>\n<\/div>\n\n\n\n<div class=\"wp-block-column is-layout-flow wp-block-column-is-layout-flow\">\n<h5 class=\"wp-block-heading\">Prot\u00e9ger les \u00e9leveurs<\/h5>\n\n\n\n<figure class=\"wp-block-image\"><img decoding=\"async\" src=\"https:\/\/lafermeduverger.fr\/wp-content\/uploads\/2021\/08\/S18_1745-1-edited.png\" alt=\"\" class=\"wp-image-473\"\/><\/figure>\n\n\n\n<p>Fruit du travail acharn\u00e9 d\u2019\u00e9levages locaux, les animaux sont achet\u00e9s directement aux exploitants qui les \u00e9l\u00e8vent. Nous nous effor\u00e7ons de fixer un prix juste, adapt\u00e9 aux qualit\u00e9s de l\u2019animal et qui permet de r\u00e9mun\u00e9rer justement le travail des \u00e9leveurs et \u00e9leveuses.<\/p>\n<\/div>\n\n\n\n<div class=\"wp-block-column is-layout-flow wp-block-column-is-layout-flow\">\n<h5 class=\"wp-block-heading\">Respecter l\u2019environnement<\/h5>\n\n\n\n<figure class=\"wp-block-image size-full\"><img loading=\"lazy\" decoding=\"async\" width=\"879\" height=\"658\" src=\"https:\/\/boucheriedecontamine.fr\/wp-content\/uploads\/2022\/10\/S18_2045_petite-edited.jpg\" alt=\"\" class=\"wp-image-147\" srcset=\"https:\/\/boucheriedecontamine.fr\/wp-content\/uploads\/2022\/10\/S18_2045_petite-edited.jpg 879w, https:\/\/boucheriedecontamine.fr\/wp-content\/uploads\/2022\/10\/S18_2045_petite-edited-300x225.jpg 300w, https:\/\/boucheriedecontamine.fr\/wp-content\/uploads\/2022\/10\/S18_2045_petite-edited-768x575.jpg 768w\" sizes=\"auto, (max-width: 879px) 100vw, 879px\" \/><\/figure>\n\n\n\n<p>Les animaux sont \u00e9lev\u00e9s et abattus localement, leur empreinte carbone en est grandement r\u00e9duite. Elev\u00e9s de fa\u00e7on extensive et nourris \u00e0 l\u2019herbe et au foin, les \u00e9levages dont sont issus nos viandes sont respectueux de l\u2019environnement et cherchent \u00e0 limiter leur impact sur l\u2019environnement.<\/p>\n<\/div>\n<\/div>\n","protected":false},"excerpt":{"rendered":"<p>La Boucherie de Contamine est n\u00e9e de la rencontre de deux passionn\u00e9s. Benoit Bellossat et Fabrice Mossuz sont deux bouchers passionn\u00e9s par leur m\u00e9tier. Ils apportent une attention particuli\u00e8re \u00e0 la qualit\u00e9 de leur travail et de leurs produits. Cet nouveau partenariat a pris la suite de la Boucherie Raibon, la boucherie historique du centre&#8230;<\/p>\n","protected":false},"author":1,"featured_media":0,"parent":0,"menu_order":0,"comment_status":"closed","ping_status":"closed","template":"","meta":{"_kad_post_transparent":"","_kad_post_title":"","_kad_post_layout":"","_kad_post_sidebar_id":"","_kad_post_content_style":"","_kad_post_vertical_padding":"","_kad_post_feature":"","_kad_post_feature_position":"","_kad_post_header":false,"_kad_post_footer":false,"_kad_post_classname":"","footnotes":""},"class_list":["post-7","page","type-page","status-publish","hentry"],"aioseo_notices":[],"_links":{"self":[{"href":"https:\/\/boucheriedecontamine.fr\/index.php\/wp-json\/wp\/v2\/pages\/7","targetHints":{"allow":["GET"]}}],"collection":[{"href":"https:\/\/boucheriedecontamine.fr\/index.php\/wp-json\/wp\/v2\/pages"}],"about":[{"href":"https:\/\/boucheriedecontamine.fr\/index.php\/wp-json\/wp\/v2\/types\/page"}],"author":[{"embeddable":true,"href":"https:\/\/boucheriedecontamine.fr\/index.php\/wp-json\/wp\/v2\/users\/1"}],"replies":[{"embeddable":true,"href":"https:\/\/boucheriedecontamine.fr\/index.php\/wp-json\/wp\/v2\/comments?post=7"}],"version-history":[{"count":16,"href":"https:\/\/boucheriedecontamine.fr\/index.php\/wp-json\/wp\/v2\/pages\/7\/revisions"}],"predecessor-version":[{"id":222,"href":"https:\/\/boucheriedecontamine.fr\/index.php\/wp-json\/wp\/v2\/pages\/7\/revisions\/222"}],"wp:attachment":[{"href":"https:\/\/boucheriedecontamine.fr\/index.php\/wp-json\/wp\/v2\/media?parent=7"}],"curies":[{"name":"wp","href":"https:\/\/api.w.org\/{rel}","templated":true}]}}