{"id":3,"date":"2022-10-18T07:10:47","date_gmt":"2022-10-18T07:10:47","guid":{"rendered":"https:\/\/boucheriedecontamine.fr\/?page_id=3"},"modified":"2022-10-18T14:08:57","modified_gmt":"2022-10-18T14:08:57","slug":"privacy-policy","status":"publish","type":"page","link":"https:\/\/boucheriedecontamine.fr\/index.php\/privacy-policy\/","title":{"rendered":"Mentions l\u00e9gales"},"content":{"rendered":"\n<h2 class=\"wp-block-heading\"><strong>Identification<\/strong><\/h2>\n\n\n\n<p><strong>BOUCHERIE DE CONTAMINE<\/strong><\/p>\n\n\n\n<p>64 Route de Tr\u00e9lavilla, 74100 JUVIGNY<\/p>\n\n\n\n<p><em>(contact)<\/em><\/p>\n\n\n\n<p><strong>Siret :<\/strong>\u00a0<em>()<\/em><\/p>\n\n\n\n<p><strong>Forme juridique :\u00a0<\/strong>SAS<\/p>\n\n\n\n<p><strong>Capital social :\u00a0<\/strong>5 000 \u20ac<\/p>\n\n\n\n<p>Mandataires sociaux :\u00a0M Beno\u00eet BELLOSSAT et M Fabrice MOSSUZ<\/p>\n\n\n\n<p><strong>H\u00e9bergeur :<\/strong>&nbsp;Hostinger&nbsp;International Ltd, 61&nbsp;Lordou&nbsp;Vironos&nbsp;str., 6023&nbsp;Larnaca, Cyprus,&nbsp;<a href=\"mailto:support@hostinger.com\">support@hostinger.com<\/a><\/p>\n\n\n\n<p><strong>Activit\u00e9<\/strong>&nbsp;: Boucherie ; achat-revente de produits alimentaires et autres produits manufactur\u00e9s<\/p>\n\n\n\n<h2 class=\"wp-block-heading\">Cookies<\/h2>\n\n\n\n<p>Si vous vous rendez sur la page de connexion, un cookie temporaire sera cr\u00e9\u00e9 afin de d\u00e9terminer si votre navigateur accepte les cookies. Il ne contient pas de donn\u00e9es personnelles et sera supprim\u00e9 automatiquement \u00e0 la fermeture de votre navigateur.<\/p>\n\n\n\n<h2 class=\"wp-block-heading\">Contenu embarqu\u00e9 depuis d\u2019autres sites<\/h2>\n\n\n\n<p>Les articles de ce site peuvent inclure des contenus int\u00e9gr\u00e9s (par exemple des vid\u00e9os, images, articles\u2026). Le contenu int\u00e9gr\u00e9 depuis d\u2019autres sites se comporte de la m\u00eame mani\u00e8re que si le visiteur se rendait sur cet autre site.<\/p>\n\n\n\n<p>Ces sites web pourraient collecter des donn\u00e9es sur vous, utiliser des cookies, embarquer des outils de suivis tiers, suivre vos interactions avec ces contenus embarqu\u00e9s si vous disposez d\u2019un compte connect\u00e9 sur leur site web.<\/p>\n\n\n\n<h2 class=\"wp-block-heading\">Les droits que vous avez sur vos donn\u00e9es<\/h2>\n\n\n\n<p>Vous pouvez demander la suppression des donn\u00e9es personnelles vous concernant. Cela ne prend pas en compte les donn\u00e9es stock\u00e9es \u00e0 des fins administratives, l\u00e9gales ou pour des raisons de s\u00e9curit\u00e9.<\/p>\n","protected":false},"excerpt":{"rendered":"<p>Identification BOUCHERIE DE CONTAMINE 64 Route de Tr\u00e9lavilla, 74100 JUVIGNY (contact) Siret :\u00a0() Forme juridique :\u00a0SAS Capital social :\u00a05 000 \u20ac Mandataires sociaux :\u00a0M Beno\u00eet BELLOSSAT et M Fabrice MOSSUZ H\u00e9bergeur :&nbsp;Hostinger&nbsp;International Ltd, 61&nbsp;Lordou&nbsp;Vironos&nbsp;str., 6023&nbsp;Larnaca, Cyprus,&nbsp;support@hostinger.com Activit\u00e9&nbsp;: Boucherie ; achat-revente de produits alimentaires et autres produits manufactur\u00e9s Cookies Si vous vous rendez sur la page&#8230;<\/p>\n","protected":false},"author":1,"featured_media":0,"parent":0,"menu_order":0,"comment_status":"closed","ping_status":"open","template":"","meta":{"_kad_post_transparent":"","_kad_post_title":"","_kad_post_layout":"","_kad_post_sidebar_id":"","_kad_post_content_style":"","_kad_post_vertical_padding":"","_kad_post_feature":"","_kad_post_feature_position":"","_kad_post_header":false,"_kad_post_footer":false,"_kad_post_classname":"","footnotes":""},"class_list":["post-3","page","type-page","status-publish","hentry"],"aioseo_notices":[],"_links":{"self":[{"href":"https:\/\/boucheriedecontamine.fr\/index.php\/wp-json\/wp\/v2\/pages\/3","targetHints":{"allow":["GET"]}}],"collection":[{"href":"https:\/\/boucheriedecontamine.fr\/index.php\/wp-json\/wp\/v2\/pages"}],"about":[{"href":"https:\/\/boucheriedecontamine.fr\/index.php\/wp-json\/wp\/v2\/types\/page"}],"author":[{"embeddable":true,"href":"https:\/\/boucheriedecontamine.fr\/index.php\/wp-json\/wp\/v2\/users\/1"}],"replies":[{"embeddable":true,"href":"https:\/\/boucheriedecontamine.fr\/index.php\/wp-json\/wp\/v2\/comments?post=3"}],"version-history":[{"count":1,"href":"https:\/\/boucheriedecontamine.fr\/index.php\/wp-json\/wp\/v2\/pages\/3\/revisions"}],"predecessor-version":[{"id":130,"href":"https:\/\/boucheriedecontamine.fr\/index.php\/wp-json\/wp\/v2\/pages\/3\/revisions\/130"}],"wp:attachment":[{"href":"https:\/\/boucheriedecontamine.fr\/index.php\/wp-json\/wp\/v2\/media?parent=3"}],"curies":[{"name":"wp","href":"https:\/\/api.w.org\/{rel}","templated":true}]}}