{"id":2,"date":"2022-10-18T07:10:47","date_gmt":"2022-10-18T07:10:47","guid":{"rendered":"https:\/\/boucheriedecontamine.fr\/?page_id=2"},"modified":"2023-10-23T10:27:20","modified_gmt":"2023-10-23T10:27:20","slug":"sample-page","status":"publish","type":"page","link":"https:\/\/boucheriedecontamine.fr\/","title":{"rendered":"LA BOUCHERIE DE CONTAMINE"},"content":{"rendered":"\n<h1 class=\"wp-block-heading\">La Boucherie de Contamine<\/h1>\n\n\n\n<div class=\"wp-block-cover is-light\" style=\"min-height:225px;aspect-ratio:unset;\"><span aria-hidden=\"true\" class=\"wp-block-cover__background has-background-dim\"><\/span><img loading=\"lazy\" decoding=\"async\" width=\"1050\" height=\"700\" class=\"wp-block-cover__image-background wp-image-24\" alt=\"Artisanat Boucherie de Contamine\" src=\"https:\/\/boucheriedecontamine.fr\/wp-content\/uploads\/2022\/10\/S18_1839.png\" data-object-fit=\"cover\" srcset=\"https:\/\/boucheriedecontamine.fr\/wp-content\/uploads\/2022\/10\/S18_1839.png 1050w, https:\/\/boucheriedecontamine.fr\/wp-content\/uploads\/2022\/10\/S18_1839-300x200.png 300w, https:\/\/boucheriedecontamine.fr\/wp-content\/uploads\/2022\/10\/S18_1839-1024x683.png 1024w, https:\/\/boucheriedecontamine.fr\/wp-content\/uploads\/2022\/10\/S18_1839-768x512.png 768w\" sizes=\"auto, (max-width: 1050px) 100vw, 1050px\" \/><div class=\"wp-block-cover__inner-container is-layout-flow wp-block-cover-is-layout-flow\">\n<p class=\"has-text-align-center has-large-font-size\"><strong>VOTRE BOUCHERIE DURABLE<\/strong><\/p>\n<\/div><\/div>\n\n\n\n<figure class=\"wp-block-pullquote has-small-font-size\"><blockquote><p><strong>Engag\u00e9 dans le respect des choses simples, la Boucherie de Contamine vous ouvre ses portes pour vous offrir des produits d&#8217;excellence.<\/strong><\/p><\/blockquote><\/figure>\n\n\n<div class=\"wp-block-image is-style-rounded\">\n<figure class=\"aligncenter size-large is-resized\"><img loading=\"lazy\" decoding=\"async\" src=\"https:\/\/boucheriedecontamine.fr\/wp-content\/uploads\/2022\/12\/S18_2103-1024x327.jpg\" alt=\"Devanture Boucherie de Contamine\" class=\"wp-image-201\" width=\"932\" height=\"298\" title=\"Boucherie de Contamine\" srcset=\"https:\/\/boucheriedecontamine.fr\/wp-content\/uploads\/2022\/12\/S18_2103-1024x327.jpg 1024w, https:\/\/boucheriedecontamine.fr\/wp-content\/uploads\/2022\/12\/S18_2103-300x96.jpg 300w, https:\/\/boucheriedecontamine.fr\/wp-content\/uploads\/2022\/12\/S18_2103-768x245.jpg 768w, https:\/\/boucheriedecontamine.fr\/wp-content\/uploads\/2022\/12\/S18_2103-1536x491.jpg 1536w, https:\/\/boucheriedecontamine.fr\/wp-content\/uploads\/2022\/12\/S18_2103-2048x655.jpg 2048w\" sizes=\"auto, (max-width: 932px) 100vw, 932px\" \/><\/figure>\n<\/div>\n\n\n<h2 class=\"wp-block-heading\">Votre boucherie \u00e0 Contamine-sur-Arve<\/h2>\n\n\n\n<div class=\"wp-block-media-text is-stacked-on-mobile\" style=\"grid-template-columns:33% auto\"><figure class=\"wp-block-media-text__media\"><img loading=\"lazy\" decoding=\"async\" width=\"1024\" height=\"635\" src=\"https:\/\/boucheriedecontamine.fr\/wp-content\/uploads\/2022\/12\/IMG_20221206_112232013-1024x635.jpg\" alt=\"Magasin Boucherie de Contamine\" class=\"wp-image-209 size-full\" srcset=\"https:\/\/boucheriedecontamine.fr\/wp-content\/uploads\/2022\/12\/IMG_20221206_112232013-1024x635.jpg 1024w, https:\/\/boucheriedecontamine.fr\/wp-content\/uploads\/2022\/12\/IMG_20221206_112232013-300x186.jpg 300w, https:\/\/boucheriedecontamine.fr\/wp-content\/uploads\/2022\/12\/IMG_20221206_112232013-768x476.jpg 768w, https:\/\/boucheriedecontamine.fr\/wp-content\/uploads\/2022\/12\/IMG_20221206_112232013.jpg 1139w\" sizes=\"auto, (max-width: 1024px) 100vw, 1024px\" \/><\/figure><div class=\"wp-block-media-text__content\">\n<p>Bienvenue dans notre boucherie durable, o\u00f9 qualit\u00e9, \u00e9thique et respect de l&#8217;environnement se marient pour offrir une exp\u00e9rience culinaire exceptionnelle. La Boucherie de Contamine s&#8217;engage \u00e0 proposer une s\u00e9lection de viandes issues de sources durables. Qui allient le plaisir gustatif \u00e0 une production responsable.<\/p>\n\n\n\n<p>Nos viandes proviennent de pratiques agricoles respectueuses de l&#8217;environnement, promouvant le bien-\u00eatre animal et r\u00e9duisant notre empreinte carbone. Chez nous, la transparence est essentielle ! N&#8217;h\u00e9sitez pas \u00e0 poser des questions sur l&#8217;origine de nos produits et nos certifications de durabilit\u00e9.<\/p>\n\n\n\n<p>Nos bouchers exp\u00e9riment\u00e9s sont l\u00e0 pour vous conseiller et vous offrir des produits de qualit\u00e9 sup\u00e9rieure. Explorez notre gamme de viandes succulentes, plats pr\u00e9par\u00e9s maison et produits artisanaux tout en participant \u00e0 notre engagement en faveur d&#8217;une plan\u00e8te plus saine.<\/p>\n<\/div><\/div>\n\n\n\n<div class=\"wp-block-columns is-layout-flex wp-container-core-columns-is-layout-9d6595d7 wp-block-columns-is-layout-flex\">\n<div class=\"wp-block-column is-layout-flow wp-block-column-is-layout-flow\">\n<figure class=\"wp-block-image size-large\"><img loading=\"lazy\" decoding=\"async\" width=\"1024\" height=\"684\" src=\"https:\/\/boucheriedecontamine.fr\/wp-content\/uploads\/2022\/10\/S18_1863-1024x684.png\" alt=\"Viande Boucherie de Contamine\" class=\"wp-image-136\" srcset=\"https:\/\/boucheriedecontamine.fr\/wp-content\/uploads\/2022\/10\/S18_1863-1024x684.png 1024w, https:\/\/boucheriedecontamine.fr\/wp-content\/uploads\/2022\/10\/S18_1863-300x200.png 300w, https:\/\/boucheriedecontamine.fr\/wp-content\/uploads\/2022\/10\/S18_1863-768x513.png 768w, https:\/\/boucheriedecontamine.fr\/wp-content\/uploads\/2022\/10\/S18_1863.png 1408w\" sizes=\"auto, (max-width: 1024px) 100vw, 1024px\" \/><\/figure>\n\n\n\n<h3 class=\"wp-block-heading\">Boucherie, Charcuterie<\/h3>\n\n\n\n<p>Nos viandes sont issues de fili\u00e8res durables et de proximit\u00e9, ce qui garantit des produits d\u2019une grande qualit\u00e9 et une connaissance pr\u00e9cise des pratiques d\u2019\u00e9levage. <\/p>\n\n\n\n<p><a href=\"https:\/\/boucheriedecontamine.fr\/index.php\/nos-produits\/\" title=\"\">D&#8217;o\u00f9 viennent nos produits ?<\/a><\/p>\n<\/div>\n\n\n\n<div class=\"wp-block-column is-layout-flow wp-block-column-is-layout-flow\">\n<figure class=\"wp-block-image size-large\"><img loading=\"lazy\" decoding=\"async\" width=\"1083\" height=\"724\" src=\"https:\/\/boucheriedecontamine.fr\/wp-content\/uploads\/2022\/12\/IMG_20221206_113126197_HDR-edited.jpg\" alt=\"Traiteur Boucherie de Contamine\" class=\"wp-image-205\" srcset=\"https:\/\/boucheriedecontamine.fr\/wp-content\/uploads\/2022\/12\/IMG_20221206_113126197_HDR-edited.jpg 1083w, https:\/\/boucheriedecontamine.fr\/wp-content\/uploads\/2022\/12\/IMG_20221206_113126197_HDR-edited-300x201.jpg 300w, https:\/\/boucheriedecontamine.fr\/wp-content\/uploads\/2022\/12\/IMG_20221206_113126197_HDR-edited-1024x685.jpg 1024w, https:\/\/boucheriedecontamine.fr\/wp-content\/uploads\/2022\/12\/IMG_20221206_113126197_HDR-edited-768x513.jpg 768w\" sizes=\"auto, (max-width: 1083px) 100vw, 1083px\" \/><\/figure>\n\n\n\n<h3 class=\"wp-block-heading\">Traiteur<\/h3>\n\n\n\n<p>Vous retrouverez dans votre boucherie des salades et plats cuisin\u00e9s maison pour satisfaire vos papilles. <\/p>\n<\/div>\n\n\n\n<div class=\"wp-block-column is-layout-flow wp-block-column-is-layout-flow\">\n<figure class=\"wp-block-image size-large\"><img loading=\"lazy\" decoding=\"async\" width=\"1279\" height=\"852\" src=\"https:\/\/boucheriedecontamine.fr\/wp-content\/uploads\/2022\/12\/IMG_20221206_111319234_HDR-edited.jpg\" alt=\"Produits locaux Boucherie de Contamine\" class=\"wp-image-206\" srcset=\"https:\/\/boucheriedecontamine.fr\/wp-content\/uploads\/2022\/12\/IMG_20221206_111319234_HDR-edited.jpg 1279w, https:\/\/boucheriedecontamine.fr\/wp-content\/uploads\/2022\/12\/IMG_20221206_111319234_HDR-edited-300x200.jpg 300w, https:\/\/boucheriedecontamine.fr\/wp-content\/uploads\/2022\/12\/IMG_20221206_111319234_HDR-edited-1024x682.jpg 1024w, https:\/\/boucheriedecontamine.fr\/wp-content\/uploads\/2022\/12\/IMG_20221206_111319234_HDR-edited-768x512.jpg 768w\" sizes=\"auto, (max-width: 1279px) 100vw, 1279px\" \/><\/figure>\n\n\n\n<h3 class=\"wp-block-heading\">Produits locaux<\/h3>\n\n\n\n<p>En compl\u00e9ment des viandes et charcuteries, nous vous proposons une diversit\u00e9 de produits locaux pour compl\u00e9ter vos menus : \u0153ufs, fruits au sirops, terrines, vins, biscuits, p\u00e2tes\u2026<\/p>\n<\/div>\n<\/div>\n\n\n\n<p><\/p>\n","protected":false},"excerpt":{"rendered":"<p>La Boucherie de Contamine Engag\u00e9 dans le respect des choses simples, la Boucherie de Contamine vous ouvre ses portes pour vous offrir des produits d&#8217;excellence. Votre boucherie \u00e0 Contamine-sur-Arve Bienvenue dans notre boucherie durable, o\u00f9 qualit\u00e9, \u00e9thique et respect de l&#8217;environnement se marient pour offrir une exp\u00e9rience culinaire exceptionnelle. La Boucherie de Contamine s&#8217;engage \u00e0&#8230;<\/p>\n","protected":false},"author":1,"featured_media":0,"parent":0,"menu_order":0,"comment_status":"closed","ping_status":"open","template":"","meta":{"_kad_post_transparent":"disable","_kad_post_title":"hide","_kad_post_layout":"","_kad_post_sidebar_id":"","_kad_post_content_style":"","_kad_post_vertical_padding":"","_kad_post_feature":"","_kad_post_feature_position":"","_kad_post_header":false,"_kad_post_footer":false,"_kad_post_classname":"","footnotes":""},"class_list":["post-2","page","type-page","status-publish","hentry"],"aioseo_notices":[],"_links":{"self":[{"href":"https:\/\/boucheriedecontamine.fr\/index.php\/wp-json\/wp\/v2\/pages\/2","targetHints":{"allow":["GET"]}}],"collection":[{"href":"https:\/\/boucheriedecontamine.fr\/index.php\/wp-json\/wp\/v2\/pages"}],"about":[{"href":"https:\/\/boucheriedecontamine.fr\/index.php\/wp-json\/wp\/v2\/types\/page"}],"author":[{"embeddable":true,"href":"https:\/\/boucheriedecontamine.fr\/index.php\/wp-json\/wp\/v2\/users\/1"}],"replies":[{"embeddable":true,"href":"https:\/\/boucheriedecontamine.fr\/index.php\/wp-json\/wp\/v2\/comments?post=2"}],"version-history":[{"count":27,"href":"https:\/\/boucheriedecontamine.fr\/index.php\/wp-json\/wp\/v2\/pages\/2\/revisions"}],"predecessor-version":[{"id":246,"href":"https:\/\/boucheriedecontamine.fr\/index.php\/wp-json\/wp\/v2\/pages\/2\/revisions\/246"}],"wp:attachment":[{"href":"https:\/\/boucheriedecontamine.fr\/index.php\/wp-json\/wp\/v2\/media?parent=2"}],"curies":[{"name":"wp","href":"https:\/\/api.w.org\/{rel}","templated":true}]}}