{"id":120,"date":"2022-10-18T10:31:58","date_gmt":"2022-10-18T10:31:58","guid":{"rendered":"https:\/\/boucheriedecontamine.fr\/?page_id=120"},"modified":"2023-10-23T10:18:43","modified_gmt":"2023-10-23T10:18:43","slug":"nos-produits","status":"publish","type":"page","link":"https:\/\/boucheriedecontamine.fr\/index.php\/nos-produits\/","title":{"rendered":"Nos produits"},"content":{"rendered":"\n<h1 class=\"wp-block-heading\">Les produits de la Boucherie de Contamine<\/h1>\n\n\n\n<figure class=\"wp-block-image alignwide size-large\"><img loading=\"lazy\" decoding=\"async\" width=\"1024\" height=\"296\" src=\"https:\/\/boucheriedecontamine.fr\/wp-content\/uploads\/2022\/10\/S18_1902_bandeau-1024x296.jpg\" alt=\"Pr\u00e9sentation de plat Boucherie de Contamine\" class=\"wp-image-151\" srcset=\"https:\/\/boucheriedecontamine.fr\/wp-content\/uploads\/2022\/10\/S18_1902_bandeau-1024x296.jpg 1024w, https:\/\/boucheriedecontamine.fr\/wp-content\/uploads\/2022\/10\/S18_1902_bandeau-300x87.jpg 300w, https:\/\/boucheriedecontamine.fr\/wp-content\/uploads\/2022\/10\/S18_1902_bandeau-768x222.jpg 768w, https:\/\/boucheriedecontamine.fr\/wp-content\/uploads\/2022\/10\/S18_1902_bandeau-1536x444.jpg 1536w, https:\/\/boucheriedecontamine.fr\/wp-content\/uploads\/2022\/10\/S18_1902_bandeau-2048x592.jpg 2048w\" sizes=\"auto, (max-width: 1024px) 100vw, 1024px\" \/><\/figure>\n\n\n\n<h2 class=\"has-text-align-center has-theme-palette-7-background-color has-background has-medium-font-size wp-block-heading\" style=\"line-height:1.2\"><mark><mark style=\"background-color:#ffc3aa\" class=\"has-inline-color\">Issues de fili\u00e8res locales et durables, nos viandes seront les stars de vos festins<\/mark><\/mark><\/h2>\n\n\n\n<p>A la Boucherie de Contamine, nous sommes convaincus que la d\u00e9licieuse viande que nous servons peut coexister harmonieusement avec la pr\u00e9servation de notre plan\u00e8te. Nous vous invitons \u00e0 explorer notre gamme de viandes succulentes et de produits artisanaux, tout en participant \u00e0 notre engagement en faveur d&#8217;une plan\u00e8te plus saine et d&#8217;une nourriture de qualit\u00e9. Merci de nous rejoindre dans cette aventure vers une meilleure fa\u00e7on de se nourrir, pour vous, pour nous, et pour l&#8217;avenir.<\/p>\n\n\n\n<div class=\"wp-block-columns is-layout-flex wp-container-core-columns-is-layout-9d6595d7 wp-block-columns-is-layout-flex\">\n<div class=\"wp-block-column is-layout-flow wp-block-column-is-layout-flow\">\n<h4 class=\"wp-block-heading\">B\u0153uf<\/h4>\n\n\n\n<figure class=\"wp-block-image size-full is-resized\"><img loading=\"lazy\" decoding=\"async\" src=\"https:\/\/boucheriedecontamine.fr\/wp-content\/uploads\/2022\/10\/S18_2033_petite.jpg\" alt=\"Viande de boeuf Boucherie de Contamine\" class=\"wp-image-141\" width=\"346\" height=\"228\"\/><\/figure>\n\n\n\n<p>Les bovins viennent d\u2019\u00e9levages \u00e0 proximit\u00e9. Ils sont nourris au p\u00e2turage l\u2019\u00e9t\u00e9 et au foin l\u2019hiver.<\/p>\n<\/div>\n\n\n\n<div class=\"wp-block-column is-layout-flow wp-block-column-is-layout-flow\">\n<h4 class=\"wp-block-heading\">Agneau<\/h4>\n\n\n\n<figure class=\"wp-block-image is-resized\"><img loading=\"lazy\" decoding=\"async\" src=\"https:\/\/lafermeduverger.fr\/wp-content\/uploads\/2021\/08\/S18_1686-1.png\" alt=\"Agneaux Boucherie de Contamine\" class=\"wp-image-504\" width=\"346\" height=\"229\"\/><\/figure>\n\n\n\n<p>Les agneaux viennent de l&#8217;\u00e9levage de Benoit, \u00e0 Bons-en-Chablais. Ils naissent et grandissent aupr\u00e8s de leurs m\u00e8res. Ils passent la plupart de leur temps dans les pr\u00e9s avec leurs cong\u00e9n\u00e8res.<\/p>\n<\/div>\n\n\n\n<div class=\"wp-block-column is-layout-flow wp-block-column-is-layout-flow\">\n<h4 class=\"wp-block-heading\">Veau<\/h4>\n\n\n\n<figure class=\"wp-block-image is-resized\"><img loading=\"lazy\" decoding=\"async\" src=\"https:\/\/lafermeduverger.fr\/wp-content\/uploads\/2021\/08\/cow-3357856_640.jpg\" alt=\"Veau Boucherie de Contamine\" class=\"wp-image-501\" width=\"346\" height=\"229\"\/><\/figure>\n\n\n\n<p>Les veaux sont issus d&#8217;\u00e9levages locaux. Les veaux naissent est grandissent \u00e0 la ferme, \u00e9lev\u00e9s sous leur m\u00e8re o\u00f9 ils profitent g\u00e9n\u00e9reusement du lait de celle-ci.<\/p>\n<\/div>\n<\/div>\n\n\n\n<div class=\"wp-block-columns is-layout-flex wp-container-core-columns-is-layout-9d6595d7 wp-block-columns-is-layout-flex\">\n<div class=\"wp-block-column is-layout-flow wp-block-column-is-layout-flow\">\n<h4 class=\"wp-block-heading\">Porc et charcuterie<\/h4>\n\n\n\n<figure class=\"wp-block-image\"><img decoding=\"async\" src=\"https:\/\/lafermeduverger.fr\/wp-content\/uploads\/2021\/08\/pig-3834738_1920-1.jpg\" alt=\"Porc Boucherie de Contamine\" class=\"wp-image-502\"\/><\/figure>\n\n\n\n<p>La viande de porc et la charcuterie viennent d&#8217;\u00e9levages situ\u00e9s dans la r\u00e9gion Rhone-Alpes. <\/p>\n<\/div>\n\n\n\n<div class=\"wp-block-column is-layout-flow wp-block-column-is-layout-flow\">\n<h4 class=\"wp-block-heading\">Volailles<\/h4>\n\n\n\n<figure class=\"wp-block-image\"><img decoding=\"async\" src=\"https:\/\/lafermeduverger.fr\/wp-content\/uploads\/2021\/08\/chicken-4151637_1920-1.jpg\" alt=\"Volailles Boucherie de Contamine\" class=\"wp-image-503\"\/><\/figure>\n\n\n\n<p>Nos volailles sont issues d\u2019un \u00e9levage dans les Landes ainsi que de quelques \u00e9levages locaux. <\/p>\n<\/div>\n\n\n\n<div class=\"wp-block-column is-layout-flow wp-block-column-is-layout-flow\"><\/div>\n<\/div>\n","protected":false},"excerpt":{"rendered":"<p>Les produits de la Boucherie de Contamine Issues de fili\u00e8res locales et durables, nos viandes seront les stars de vos festins A la Boucherie de Contamine, nous sommes convaincus que la d\u00e9licieuse viande que nous servons peut coexister harmonieusement avec la pr\u00e9servation de notre plan\u00e8te. Nous vous invitons \u00e0 explorer notre gamme de viandes succulentes&#8230;<\/p>\n","protected":false},"author":1,"featured_media":0,"parent":0,"menu_order":0,"comment_status":"closed","ping_status":"closed","template":"","meta":{"_kad_post_transparent":"","_kad_post_title":"hide","_kad_post_layout":"","_kad_post_sidebar_id":"","_kad_post_content_style":"","_kad_post_vertical_padding":"","_kad_post_feature":"","_kad_post_feature_position":"","_kad_post_header":false,"_kad_post_footer":false,"_kad_post_classname":"","footnotes":""},"class_list":["post-120","page","type-page","status-publish","hentry"],"aioseo_notices":[],"_links":{"self":[{"href":"https:\/\/boucheriedecontamine.fr\/index.php\/wp-json\/wp\/v2\/pages\/120","targetHints":{"allow":["GET"]}}],"collection":[{"href":"https:\/\/boucheriedecontamine.fr\/index.php\/wp-json\/wp\/v2\/pages"}],"about":[{"href":"https:\/\/boucheriedecontamine.fr\/index.php\/wp-json\/wp\/v2\/types\/page"}],"author":[{"embeddable":true,"href":"https:\/\/boucheriedecontamine.fr\/index.php\/wp-json\/wp\/v2\/users\/1"}],"replies":[{"embeddable":true,"href":"https:\/\/boucheriedecontamine.fr\/index.php\/wp-json\/wp\/v2\/comments?post=120"}],"version-history":[{"count":19,"href":"https:\/\/boucheriedecontamine.fr\/index.php\/wp-json\/wp\/v2\/pages\/120\/revisions"}],"predecessor-version":[{"id":237,"href":"https:\/\/boucheriedecontamine.fr\/index.php\/wp-json\/wp\/v2\/pages\/120\/revisions\/237"}],"wp:attachment":[{"href":"https:\/\/boucheriedecontamine.fr\/index.php\/wp-json\/wp\/v2\/media?parent=120"}],"curies":[{"name":"wp","href":"https:\/\/api.w.org\/{rel}","templated":true}]}}